{"id":21149,"date":"2017-07-02T20:16:08","date_gmt":"2017-07-02T19:16:08","guid":{"rendered":"https:\/\/eaproperties.me\/?page_id=21149\/"},"modified":"2019-06-27T13:03:52","modified_gmt":"2019-06-27T12:03:52","slug":"o-nama","status":"publish","type":"page","link":"https:\/\/eaproperties.me\/me\/o-nama\/","title":{"rendered":"O nama"},"content":{"rendered":"<p><strong>EA Properties<\/strong> je agencija za nekretnine koja posluje na teritoriji cijele Crne Gore sa akcentom na turisti\u010dke regije zemlje.<\/p>\n<p>Posluju\u0107i sa nama kupac dobija detaljnu prezentaciju prilikom selekcije i punu podr\u0161ku pri sklapanju posla. Na\u0161i savjeti su potrkijepljeni desetogodi\u0161njim iskustvom i jasnom namjerom da klijentu pru\u017eimo najkvalitetniju profesionalnu uslugu.<\/p>\n<p>Pogledajte<a href=\"https:\/\/eaproperties.me\/me\/sve-nekretnine-crna-gora\/\">\u00a0sve nekretnine u na\u0161oj ponudi.\u00a0<\/a><\/p>\n","protected":false},"excerpt":{"rendered":"<p>EA Properties je agencija za nekretnine koja posluje na teritoriji cijele Crne Gore sa akcentom na turisti\u010dke regije zemlje. Posluju\u0107i sa nama kupac dobija detaljnu prezentaciju prilikom selekcije i punu podr\u0161ku pri sklapanju posla. Na\u0161i savjeti su potrkijepljeni desetogodi\u0161njim iskustvom i jasnom namjerom da klijentu pru\u017eimo najkvalitetniju profesionalnu uslugu. Pogledajte\u00a0sve nekretnine u na\u0161oj ponudi.\u00a0<\/p>\n","protected":false},"author":1,"featured_media":0,"parent":0,"menu_order":0,"comment_status":"closed","ping_status":"closed","template":"","meta":{"inline_featured_image":false,"_exactmetrics_skip_tracking":false,"_exactmetrics_sitenote_active":false,"_exactmetrics_sitenote_note":"","_exactmetrics_sitenote_category":0,"footnotes":""},"class_list":["post-21149","page","type-page","status-publish","hentry"],"_links":{"self":[{"href":"https:\/\/eaproperties.me\/me\/wp-json\/wp\/v2\/pages\/21149","targetHints":{"allow":["GET"]}}],"collection":[{"href":"https:\/\/eaproperties.me\/me\/wp-json\/wp\/v2\/pages"}],"about":[{"href":"https:\/\/eaproperties.me\/me\/wp-json\/wp\/v2\/types\/page"}],"author":[{"embeddable":true,"href":"https:\/\/eaproperties.me\/me\/wp-json\/wp\/v2\/users\/1"}],"replies":[{"embeddable":true,"href":"https:\/\/eaproperties.me\/me\/wp-json\/wp\/v2\/comments?post=21149"}],"version-history":[{"count":5,"href":"https:\/\/eaproperties.me\/me\/wp-json\/wp\/v2\/pages\/21149\/revisions"}],"predecessor-version":[{"id":48545,"href":"https:\/\/eaproperties.me\/me\/wp-json\/wp\/v2\/pages\/21149\/revisions\/48545"}],"wp:attachment":[{"href":"https:\/\/eaproperties.me\/me\/wp-json\/wp\/v2\/media?parent=21149"}],"curies":[{"name":"wp","href":"https:\/\/api.w.org\/{rel}","templated":true}]}}