{"id":21145,"date":"2017-07-02T20:17:09","date_gmt":"2017-07-02T19:17:09","guid":{"rendered":"https:\/\/eaproperties.me\/?page_id=21145\/"},"modified":"2025-04-05T00:19:58","modified_gmt":"2025-04-04T23:19:58","slug":"investicioni-projekti-zemlja-crna-gora","status":"publish","type":"page","link":"https:\/\/eaproperties.me\/me\/investicioni-projekti-zemlja-crna-gora\/","title":{"rendered":"Investicioni Projekti"},"content":{"rendered":"<div class=\"wpb-content-wrapper\">[vc_row][vc_column][vc_custom_heading source=&#8221;post_title&#8221; use_theme_fonts=&#8221;yes&#8221;]<div class=\"spacer\" style=\"height:40px;\"><\/div><div class=\"spacer\" style=\"height:40px;\"><\/div>[\/vc_column][\/vc_row][vc_section][vc_row gap=&#8221;15&#8243; equal_height=&#8221;yes&#8221; content_placement=&#8221;top&#8221;][vc_column width=&#8221;1\/2&#8243;][vc_single_image image=&#8221;58178&#8243; img_size=&#8221;900&#215;600&#8243; alignment=&#8221;center&#8221;][\/vc_column][vc_column width=&#8221;1\/2&#8243;][vc_column_text]\n<h1 class=\"entry-title entry-prop\">Budva, Crvena Glavica \u2013 Zemlji\u0161te za gradnju vila<\/h1>\n<p>Ovo zemlji\u0161te je definitivno jedno od najboljih na budvanskoj rivijeri, a mo\u017ee se re\u0107i i na \u010ditavom crnogorskom primorju.\u00a0 Predvi\u0111ena je izgradnja 14 vila; postoji mogu\u0107nost spajanja urbanisti\u010dkih parcela, tojest smanjenja broja objekata i pove\u0107anje povr\u0161ina pojedina\u010dnih vila.<\/p>\n<p><strong>Gra\u0111evinski parametri:<\/strong><\/p>\n<ul>\n<li>Povr\u0161ine katastarskih parcela: 13,249 m\u00b2<\/li>\n<li>Povr\u0161ina urbanisti\u010dkih parcela: 12,3174 m\u00b2<\/li>\n<li>Bruto razvijena gra\u0111evinska povr\u0161ina (BRGP): 6,158 m\u00b2<\/li>\n<li>BRGP sa podzemnim eta\u017eama: 8,621 m\u00b2<\/li>\n<li>Spratnost: P+2<\/li>\n<li>Indeks zauzetosti: 0,2<\/li>\n<li>Indeks izga\u0111enosti: 0,5<\/li>\n<\/ul>\n[\/vc_column_text][vc_btn title=&#8221;READ MORE&#8221; color=&#8221;turquoise&#8221; align=&#8221;left&#8221; link=&#8221;url:https%3A%2F%2Feaproperties.me%2Fme%2Fprodaja%2Fcrvena-glavica-zemljiste-za-gradnju-vila%2F|||&#8221;][\/vc_column][vc_column]<div class=\"spacer\" style=\"height:40px;\"><\/div>[\/vc_column][\/vc_row][vc_row gap=&#8221;15&#8243; equal_height=&#8221;yes&#8221; content_placement=&#8221;top&#8221;][vc_column][\/vc_column][\/vc_row][vc_row gap=&#8221;15&#8243; equal_height=&#8221;yes&#8221; content_placement=&#8221;top&#8221;][vc_column][\/vc_column][\/vc_row][vc_row gap=&#8221;15&#8243; equal_height=&#8221;yes&#8221; content_placement=&#8221;top&#8221;][vc_column width=&#8221;1\/2&#8243;][vc_single_image image=&#8221;36154&#8243; img_size=&#8221;900&#215;600&#8243; alignment=&#8221;center&#8221;][\/vc_column][vc_column width=&#8221;1\/2&#8243;][vc_column_text]\n<h2>Komercijalni projekat &#8211; Radanovi\u0107i<\/h2>\n<p>Ravna parcela, idealna za poslovnu namjenu blizu kru\u017enog toka i tivatskog aerodroma \u2013 Kotora, Tivta, Budve, Lu\u0161tica. Komercijalno zemlji\u0161te u Radanovi\u0107ima je vjerovatno i najbolja lokacija za komercijalni objekat na primorju Crne Gore.<\/p>\n<p>Povr\u0161ina zemlji\u0161ta: <strong>9.859<\/strong>&nbsp;<strong>m\u00b2<\/strong>.<br \/>\nDozvoljena je gradnja poslovnog objekta od <strong>4.930<\/strong> m\u00b2, koeficijent izgra\u0111enosti \u2013 1, koeficijent zauzetosti \u2013 0,5.<\/p>\n<p>Plac se nalazi na drugoj liniji puta, iznad tr\u017enog centra u izgradnji.<\/p>\n<p>&nbsp;[\/vc_column_text][vc_btn title=&#8221;READ MORE&#8221; color=&#8221;turquoise&#8221; align=&#8221;left&#8221; link=&#8221;url:https%3A%2F%2Feaproperties.me%2Fme%2Fprodaja%2Fplac-poslovni-objekat-radanovici-kotor%2F|||&#8221;][\/vc_column][vc_column][\/vc_column][\/vc_row][\/vc_section]\n<\/div>","protected":false},"excerpt":{"rendered":"<p>[vc_row][vc_column][vc_custom_heading source=&#8221;post_title&#8221; use_theme_fonts=&#8221;yes&#8221;][\/vc_column][\/vc_row][vc_section][vc_row gap=&#8221;15&#8243; equal_height=&#8221;yes&#8221; content_placement=&#8221;top&#8221;][vc_column width=&#8221;1\/2&#8243;][vc_single_image image=&#8221;58178&#8243; img_size=&#8221;900&#215;600&#8243; alignment=&#8221;center&#8221;][\/vc_column][vc_column width=&#8221;1\/2&#8243;][vc_column_text] Budva, Crvena Glavica \u2013 Zemlji\u0161te za gradnju vila Ovo zemlji\u0161te je definitivno jedno od najboljih na budvanskoj rivijeri, a mo\u017ee se re\u0107i i na \u010ditavom crnogorskom primorju.\u00a0 Predvi\u0111ena je izgradnja 14 vila; postoji mogu\u0107nost spajanja urbanisti\u010dkih parcela, tojest smanjenja broja objekata i pove\u0107anje povr\u0161ina pojedina\u010dnih vila. Gra\u0111evinski parametri: Povr\u0161ine katastarskih parcela: 13,249 m\u00b2 &#8230;<\/p>\n","protected":false},"author":1,"featured_media":0,"parent":0,"menu_order":0,"comment_status":"closed","ping_status":"closed","template":"","meta":{"inline_featured_image":false,"_exactmetrics_skip_tracking":false,"_exactmetrics_sitenote_active":false,"_exactmetrics_sitenote_note":"","_exactmetrics_sitenote_category":0,"footnotes":""},"class_list":["post-21145","page","type-page","status-publish","hentry"],"_links":{"self":[{"href":"https:\/\/eaproperties.me\/me\/wp-json\/wp\/v2\/pages\/21145","targetHints":{"allow":["GET"]}}],"collection":[{"href":"https:\/\/eaproperties.me\/me\/wp-json\/wp\/v2\/pages"}],"about":[{"href":"https:\/\/eaproperties.me\/me\/wp-json\/wp\/v2\/types\/page"}],"author":[{"embeddable":true,"href":"https:\/\/eaproperties.me\/me\/wp-json\/wp\/v2\/users\/1"}],"replies":[{"embeddable":true,"href":"https:\/\/eaproperties.me\/me\/wp-json\/wp\/v2\/comments?post=21145"}],"version-history":[{"count":26,"href":"https:\/\/eaproperties.me\/me\/wp-json\/wp\/v2\/pages\/21145\/revisions"}],"predecessor-version":[{"id":92460,"href":"https:\/\/eaproperties.me\/me\/wp-json\/wp\/v2\/pages\/21145\/revisions\/92460"}],"wp:attachment":[{"href":"https:\/\/eaproperties.me\/me\/wp-json\/wp\/v2\/media?parent=21145"}],"curies":[{"name":"wp","href":"https:\/\/api.w.org\/{rel}","templated":true}]}}